{"id":6507,"date":"2025-01-28T08:30:21","date_gmt":"2025-01-28T07:30:21","guid":{"rendered":"https:\/\/achesahomes.ch\/?page_id=6507"},"modified":"2025-02-24T12:37:34","modified_gmt":"2025-02-24T11:37:34","slug":"allegra-studios-kloten","status":"publish","type":"page","link":"https:\/\/achesahomes.ch\/en\/allegra-studios-kloten\/","title":{"rendered":"Allegra Studios Kloten"},"content":{"rendered":"<div class=\"os-section-container os-section-header\">\n\n\t\t\n\t\t\n\t<div id=\"\" class=\"os-block-mainHeader os-transition--default\">\n\t\t\n\t\t\t\t\n\t\t\t\t<div class=\"bg--image\">\n\t\t\t<img decoding=\"async\" class=\"os-transition--default lazyloaded\" src=\"https:\/\/achesahomes.ch\/wp-content\/uploads\/sites\/4\/2025\/01\/allegra-studio-1-achesa-homes-kloten-zurich-airport-achesa-group-0125.jpg\" alt=\"Allegra Studio, achesa homes, Zurich Airport, achesa Group\" \/>\n\t\t<\/div>\n\t\t\n\t\t<div class=\"watermark os-transition--default\">\n\t\t\t<img decoding=\"async\" src=\"https:\/\/achesahomes.ch\/wp-content\/uploads\/sites\/4\/2023\/07\/achesa__homes_bildmarke_icon.svg\">\n\t\t<\/div>\n\t\t\t\t\n\t\t\n\t<\/div>\n<\/div>\n\n<div class=\"os-section-container\">\n\t\t<div class=\"spacer  \n\t\tspacer-mobile-disable spacer--type-medium \" ><\/div>\n<\/div>\n\n<div class=\"os-section-container os-section-switchModule\">\n\t\n\t\t\t\n\t<div class=\"os-section-content\">\n\t\t\n\t\t<div class=\"main\">\n\t\t\t\n\t\t\t\t\t\t<div class=\"section-headline\">\n\t\t\t\t<span>Allegra Studios Kloten<\/span>\n\t\t\t\t<h1>Modern living with maximum comfort <\/h1>\n\t\t\t<\/div>\n\t\t\t\t\t\t\n\t\t\t<div class=\"section-swiper-menu\">\n\t\t\t\t\n\t\t\t\t<div class=\"section-swiper-menu-offet\">\n\t\t\t\t\t\n\t\t\t\t\t<div class=\"swiper switchercontrolmenu\">\n\t\t\t\t\t\t<div class=\"swiper-menu-gradient-left\"><\/div>\n\t\t\t\t\t\t<div class=\"swiper-menu-gradient-right\"><\/div>\n\t\t\t\t\t\t\n\t\t\t\t\t\t<div class=\"swiper-wrapper\">\n\t\t\t\t\t\t\t\n\t\t\t\t\t\t\t\t\t\t\t\t\t\t    \t\t\t\t\t\t\t\t\t\t\t\t\t\t\t\t<div class=\"os-slide-controller-item controller-item1\">\n\t\t\t\t\t\t\t\t\t<a href=\"#\" class=\"swiperController\" data-index=\"0\">Allegra Studio Kloten<\/a>\n\t\t\t\t\t\t\t\t<\/div>\n\t\t\t\t\t\t\t\t\t\t\t\t\t\t\t    \t\t\t\t\t\t\t\t\t\t\t\t\t\t\t\t<div class=\"os-slide-controller-item controller-item2\">\n\t\t\t\t\t\t\t\t\t<a href=\"#\" class=\"swiperController\" data-index=\"1\">Standard equipment<\/a>\n\t\t\t\t\t\t\t\t<\/div>\n\t\t\t\t\t\t\t\t\t\t\t\t\t\t\t    \t\t\t\t\t\t\t\t\t\t\t\t\t\t\t\t<div class=\"os-slide-controller-item controller-item3\">\n\t\t\t\t\t\t\t\t\t<a href=\"#\" class=\"swiperController\" data-index=\"2\">Kitchenette<\/a>\n\t\t\t\t\t\t\t\t<\/div>\n\t\t\t\t\t\t\t\t\t\t\t\t\t\t\t    \t\t\t\t\t\t\t\t\t\t\t\t\t\t\t\t<div class=\"os-slide-controller-item controller-item4\">\n\t\t\t\t\t\t\t\t\t<a href=\"#\" class=\"swiperController\" data-index=\"3\">Bathroom<\/a>\n\t\t\t\t\t\t\t\t<\/div>\n\t\t\t\t\t\t\t\t\t\t\t\t\t\t\t    \t\t\t\t\t\t\t\t\t\t\t\t\t\t\t\t<div class=\"os-slide-controller-item controller-item5\">\n\t\t\t\t\t\t\t\t\t<a href=\"#\" class=\"swiperController\" data-index=\"4\">Location <\/a>\n\t\t\t\t\t\t\t\t<\/div>\n\t\t\t\t\t\t\t\t\t\t\t\t\t\t\t    \t\t\t\t\t\t\t\t\t\t\t\t\t\t\n\t\t\t\t\t\t<\/div>\n\t\t\t\t\t\t\n\t\t\t\t\t\t<div class=\"swiper-button-next switcher-control-menu\"><\/div>\n\t\t\t\t\t\t<div class=\"swiper-button-prev switcher-control-menu\"><\/div>\n\t\t\t\t\t\t<div class=\"swiper-pagination swiper-pagination-controller\"><\/div>\n\t\t\t\t\t<\/div>\n\t\t\t\t\n\t\t\t\t<\/div>\n\t\t\t\t\n\t\t\t<\/div>\n\t\t<\/div>\n\t\t\n\t\t<style>\n\t\t\t\n\t\t\t .mainwidegroupmaster { border: 1 solid red; overflow-x: visible }\n\t\t\t \n\t\t\t@media screen and (max-width: 1500px) and (max-height: 1000px) {\n\t\t\t\t.swiper-boxed-content {\n\t\t\t\t\t-webkit-box-shadow: 20px 20px 50px 10px rgba(0,0,0,0.1);\n\t\t\t\t\tbox-shadow: 20px 20px 50px 10px rgba(0,0,0,0.1);\n\t\t\t\t}\n\t\t\t\t.mainwidegroupmaster { overflow: hidden }\n\t\t\t\t.switchercontent, .section-swiper-maingroup { overflow: visible }\n\t\t\t\t\n\t\t\t}\n\t\t\t@media screen and (max-height: 800px) and (min-width: 900px) {\n\t\t\t\t.swiper-container-image { height: 500px }\n\t\t\t}\n\t\t\t@media screen and (max-height: 800px) and (min-width: 1200px) {\n\t\t\t\t.swiper-container-image { height: 800px }\n\t\t\t}\n\t\t\t@media screen and (max-height: 900px) {\n\t\t\t\t.mainwidegroupmaster { overflow: hidden; padding: 66px 0 66px 0}\n\t\t\t}\n\t\t\n\t\t\t\/*  \n\t\t\t@media screen and (max-width: 900px) {\n\t\t\t\t.mainwidegroupmaster { overflow: hidden }\n\t\t\t\t.section-swiper-maingroup { overflow: visible }\n\t\t\t\t.switchercontent { overflow: visible }\n\t\t\t} \n\t\t\t\n\t\t\t1440x900\n\t\t\t\n\t\t\t*\/\n\t\t\t\n\t\t<\/style>\n\t\t\n\t\t<div class=\"mainwidegroupmaster\">\n\t\t<div class=\"mainwide\">\n\t\t\t<div class=\"secttion-background-group\">\n\t\t\t\t\n\t\t\t<div class=\"os-section-background background-type-white\">\n\t\t\t\t<div class=\"background-part-top\"><\/div>\n\t\t\t\t<div class=\"background-part-bottom\"><\/div>\n\t\t\t<\/div>\n\t\t\t\n\t\t\t<div class=\"section-swiper-maingroup\">\n\t\t\t\t\n\t\t\t\t\t\t\t\t\t\n\t\t\t\t\t<div class=\"swiper switchercontent\">\n\t\t\t\t\t<div class=\"swiper-wrapper\">\n\t\t\t\t\t\t\n\t\t\t\t    \t\t\t\t\t\t\t\t\t\t\t\n\t\t\t\t\t\t\t\t\t\t<div class=\"swiper-slide\" data-slidelabel=\"Allegra Studio Kloten\">\n\t\t\t\t\t\t\n\t\t\t\t\t\t<div class=\"main mainSliderContent\">\n\t\t\t\t\t\t\t\t\n\t\t\t\t\t\t\t<div class=\"swiper-slide-maincontainer\">\n\t\t\t\t\t\t\t\t<div class=\"swiper-container-image\">\n\t\t\t\t\t\t\t\t\t<div class=\"image-viewer rocket-lazyload\" style=\"background-image: url('https:\/\/achesahomes.ch\/wp-content\/uploads\/sites\/4\/2025\/01\/allegra-studio-1-achesa-homes-kloten-zurich-airport-achesa-group-0125.jpg')\" title=\"Allegra Studio, achesa homes, Zurich Airport, achesa Group\" loading=\"lazy\"><\/div>\n\t\t\t\t\t\t\t\t<\/div>\n\t\t\t\t\t\t\t<\/div>\n\t\t\t\t\t\t\t\n\t\t\t\t\t\t\t<div class=\"swiper-slide-contentContainer\">\n\t\t\t\t\t\t\t\t<div class=\"swiper-boxed-content\">\n\t\t\t\t\t\t\t\t\t<div class=\"swiper-boxed-content-inner\">\n\t\t\t\t\t\t\t\t\t\t<div class=\"boxed-headline\"><h3>The perfect apartment for single travellers with kitchenette and comfort<\/h3><\/div>\n\t\t\t\t\t\t\t\t\t\t<div class=\"boxed-content\"><p>The Allegra Studios are a compact temporary home for solo travellers. Maximum comfort, a modern living atmosphere and a small balcony to relax.<\/p>\n<p>All you need to feel at home during your longer stay with us.<\/p>\n<\/div>\n\t\t\t\t\t\t\t\t\t<\/div>\n\t\t\t\t\t\t\t\t<\/div>\n\t\t\t\t\t\t\t<\/div>\n\t\t\t\t\t\t\n\t\t\t\t\t\t<\/div>\n\t\t\t\t\t\t\n\t\t\t\t\t<\/div>\n\t\t\t\t\t\n\t\t\t\t\t\t\t\t\t\t\t\t\t\t\t\t\t\t\t\t\t\n\t\t\t\t\t\t\t\t\t\t<div class=\"swiper-slide\" data-slidelabel=\"Standard equipment\">\n\t\t\t\t\t\t\n\t\t\t\t\t\t<div class=\"main mainSliderContent\">\n\t\t\t\t\t\t\t\t\n\t\t\t\t\t\t\t<div class=\"swiper-slide-maincontainer\">\n\t\t\t\t\t\t\t\t<div class=\"swiper-container-image\">\n\t\t\t\t\t\t\t\t\t<div class=\"image-viewer rocket-lazyload\" style=\"background-image: url('https:\/\/achesahomes.ch\/wp-content\/uploads\/sites\/4\/2025\/01\/allegra-studio-achesa-homes-kloten-zurich-airport-achesa-group-0125-1.jpg')\" title=\"Allegra Studio, achesa homes, Zurich Airport, achesa Group\" loading=\"lazy\"><\/div>\n\t\t\t\t\t\t\t\t<\/div>\n\t\t\t\t\t\t\t<\/div>\n\t\t\t\t\t\t\t\n\t\t\t\t\t\t\t<div class=\"swiper-slide-contentContainer\">\n\t\t\t\t\t\t\t\t<div class=\"swiper-boxed-content\">\n\t\t\t\t\t\t\t\t\t<div class=\"swiper-boxed-content-inner\">\n\t\t\t\t\t\t\t\t\t\t<div class=\"boxed-headline\"><h3>Studio standard equipment:<\/h3><\/div>\n\t\t\t\t\t\t\t\t\t\t<div class=\"boxed-content\"><ul>\n<li>Free WLAN<\/li>\n<li>Kitchenette<\/li>\n<li>LCD TV<\/li>\n<li>Parquet floor<\/li>\n<li>Wardrobe with luggage rack<\/li>\n<li>Writing desk<\/li>\n<li>Studios with and without balcony<\/li>\n<\/ul>\n<\/div>\n\t\t\t\t\t\t\t\t\t<\/div>\n\t\t\t\t\t\t\t\t<\/div>\n\t\t\t\t\t\t\t<\/div>\n\t\t\t\t\t\t\n\t\t\t\t\t\t<\/div>\n\t\t\t\t\t\t\n\t\t\t\t\t<\/div>\n\t\t\t\t\t\n\t\t\t\t\t\t\t\t\t\t\t\t\t\t\t\t\t\t\t\t\t\n\t\t\t\t\t\t\t\t\t\t<div class=\"swiper-slide\" data-slidelabel=\"Kitchenette\">\n\t\t\t\t\t\t\n\t\t\t\t\t\t<div class=\"main mainSliderContent\">\n\t\t\t\t\t\t\t\t\n\t\t\t\t\t\t\t<div class=\"swiper-slide-maincontainer\">\n\t\t\t\t\t\t\t\t<div class=\"swiper-container-image\">\n\t\t\t\t\t\t\t\t\t<div class=\"image-viewer rocket-lazyload\" style=\"background-image: url('https:\/\/achesahomes.ch\/wp-content\/uploads\/sites\/4\/2025\/01\/kitchenette-allegra-studio-achesa-homes-kloten-zurich-airport-achesa-group-0125.jpg')\" title=\"Teekueche, Allegra Studio, achesa homes, Zurich Airport, achesa Group\" loading=\"lazy\"><\/div>\n\t\t\t\t\t\t\t\t<\/div>\n\t\t\t\t\t\t\t<\/div>\n\t\t\t\t\t\t\t\n\t\t\t\t\t\t\t<div class=\"swiper-slide-contentContainer\">\n\t\t\t\t\t\t\t\t<div class=\"swiper-boxed-content\">\n\t\t\t\t\t\t\t\t\t<div class=\"swiper-boxed-content-inner\">\n\t\t\t\t\t\t\t\t\t\t<div class=\"boxed-headline\"><h3>Kitchenette equipment:<\/h3><\/div>\n\t\t\t\t\t\t\t\t\t\t<div class=\"boxed-content\"><ul>\n<li>Capsule coffee machine<\/li>\n<li>Crockery and cutlery<\/li>\n<li>Double hotplate<\/li>\n<li>Microwave<\/li>\n<li>Refrigerator<\/li>\n<\/ul>\n<\/div>\n\t\t\t\t\t\t\t\t\t<\/div>\n\t\t\t\t\t\t\t\t<\/div>\n\t\t\t\t\t\t\t<\/div>\n\t\t\t\t\t\t\n\t\t\t\t\t\t<\/div>\n\t\t\t\t\t\t\n\t\t\t\t\t<\/div>\n\t\t\t\t\t\n\t\t\t\t\t\t\t\t\t\t\t\t\t\t\t\t\t\t\t\t\t\n\t\t\t\t\t\t\t\t\t\t<div class=\"swiper-slide\" data-slidelabel=\"Bathroom\">\n\t\t\t\t\t\t\n\t\t\t\t\t\t<div class=\"main mainSliderContent\">\n\t\t\t\t\t\t\t\t\n\t\t\t\t\t\t\t<div class=\"swiper-slide-maincontainer\">\n\t\t\t\t\t\t\t\t<div class=\"swiper-container-image\">\n\t\t\t\t\t\t\t\t\t<div class=\"image-viewer rocket-lazyload\" style=\"background-image: url('https:\/\/achesahomes.ch\/wp-content\/uploads\/sites\/4\/2025\/01\/badezimmer-allegra-studio-achesa-homes-kloten-zurich-airport-achesa-group.jpg')\" title=\"Badezimmer, Allegra Studio, achesa homes, Zurich Airport, achesa Group\" loading=\"lazy\"><\/div>\n\t\t\t\t\t\t\t\t<\/div>\n\t\t\t\t\t\t\t<\/div>\n\t\t\t\t\t\t\t\n\t\t\t\t\t\t\t<div class=\"swiper-slide-contentContainer\">\n\t\t\t\t\t\t\t\t<div class=\"swiper-boxed-content\">\n\t\t\t\t\t\t\t\t\t<div class=\"swiper-boxed-content-inner\">\n\t\t\t\t\t\t\t\t\t\t<div class=\"boxed-headline\"><h3>Bathroom facilities<\/h3><\/div>\n\t\t\t\t\t\t\t\t\t\t<div class=\"boxed-content\"><ul>\n<li>Amenities<\/li>\n<li>Hair dryer<\/li>\n<li>Towels<\/li>\n<li>Toilet<\/li>\n<li>Walk-in shower<\/li>\n<\/ul>\n<\/div>\n\t\t\t\t\t\t\t\t\t<\/div>\n\t\t\t\t\t\t\t\t<\/div>\n\t\t\t\t\t\t\t<\/div>\n\t\t\t\t\t\t\n\t\t\t\t\t\t<\/div>\n\t\t\t\t\t\t\n\t\t\t\t\t<\/div>\n\t\t\t\t\t\n\t\t\t\t\t\t\t\t\t\t\t\t\t\t\t\t\t\t\t\t\t\n\t\t\t\t\t\t\t\t\t\t<div class=\"swiper-slide\" data-slidelabel=\"Location \">\n\t\t\t\t\t\t\n\t\t\t\t\t\t<div class=\"main mainSliderContent\">\n\t\t\t\t\t\t\t\t\n\t\t\t\t\t\t\t<div class=\"swiper-slide-maincontainer\">\n\t\t\t\t\t\t\t\t<div class=\"swiper-container-image\">\n\t\t\t\t\t\t\t\t\t<div class=\"image-viewer rocket-lazyload\" style=\"background-image: url('https:\/\/achesahomes.ch\/wp-content\/uploads\/sites\/4\/2025\/01\/aussenansicht-1-allegra-studio-achesa-homes-kloten-zurich-airport-achesa-group-0125.jpg')\" title=\"Aussenansicht, Allegra Studio, achesa homes, Zurich Airport, achesa Group\" loading=\"lazy\"><\/div>\n\t\t\t\t\t\t\t\t<\/div>\n\t\t\t\t\t\t\t<\/div>\n\t\t\t\t\t\t\t\n\t\t\t\t\t\t\t<div class=\"swiper-slide-contentContainer\">\n\t\t\t\t\t\t\t\t<div class=\"swiper-boxed-content\">\n\t\t\t\t\t\t\t\t\t<div class=\"swiper-boxed-content-inner\">\n\t\t\t\t\t\t\t\t\t\t<div class=\"boxed-headline\"><h3>Your home near Zurich Airport<\/h3><\/div>\n\t\t\t\t\t\t\t\t\t\t<div class=\"boxed-content\"><p>The 32 bright <strong>Allegra Studios in the Hotel Allegra Lodge<\/strong> offer a central location with excellent public transport connections.<\/p>\n<p>Further advantages are the proximity to Zurich Airport and the quick accessibility of Zurich, Winterthur and shopping facilities.<\/p>\n<p><strong>achesa homes Kloten<\/strong><br \/>\n<strong>c\/o Hotel Allegra Lodge<\/strong><br \/>\n<strong>Hamelirainstrasse 3<\/strong><br \/>\n<strong>CH-8302 Kloten<\/strong><\/p>\n<\/div>\n\t\t\t\t\t\t\t\t\t<\/div>\n\t\t\t\t\t\t\t\t<\/div>\n\t\t\t\t\t\t\t<\/div>\n\t\t\t\t\t\t\n\t\t\t\t\t\t<\/div>\n\t\t\t\t\t\t\n\t\t\t\t\t<\/div>\n\t\t\t\t\t\n\t\t\t\t\t\t\t\t\t\t\t\t\t\t    \n\t\t\t\t\t<\/div>\n\t\t\t\t\t\n\t\t\t\t\t<div class=\"swiper-pagination swiper-pagination-switcher\"><\/div>\n\t\t\t\t\t\n\t\t\t\t\t<\/div>\n\t\t\t\t\n\t\t\t\t\t\t\t\t\n\t\t\t<\/div>\n\t\t\t\n\t\t\t\n\t\t<\/div>\n\t\t<\/div>\n\t\n\t<\/div>\n\t\n\t<\/div>\n\t\n<\/div>\n\n\n<div class=\"os-section-container\">\n\t\t<div class=\"spacer  \n\t\tspacer-mobile-disable1 spacer--type-medium \" ><\/div>\n<\/div>\n\n<div class=\"os-section-container os-section-roomslider\">\n\n\t\t\t\n\t\t\n\t<!-- Swiper -->\n\t<div class=\"swiper osRoomsSlider SLIDE\">\n\t<div class=\"swiper-wrapper\">\n\t\t\n\t\t\t\t\t\n\t\t\n\t\t \n\t\t <div class=\"swiper-slide roomslide\">\n\t\t\t \n\t\t\t <div class=\"room-slide-left\">\n\t\t\t\t \n\t\t\t\t <div class=\"room-slide-title\">\n\t\t\t\t\t <h3>Allegra Studio<\/h3>\n\t\t\t\t <\/div>\n\t\t\t\t \n\t\t\t\t <div class=\"room-slide-right\">\n\t\t\t\t\t\t\t\t\t\t\t\t <div class=\"rooms-slide-image rocket-lazyload\" style=\"background-image: url('https:\/\/achesahomes.ch\/wp-content\/uploads\/sites\/4\/2023\/07\/allegra-studio-1-achesa-homes-kloten-zurich-airport-achesa-group-0125-1024x683.jpg')\" loading=\"lazy\">\n\t\t\t\t\t\t\t <a href=\"#\" class=\"ausstattung-caller\">Ausstattung anzeigen<\/a>\n\t\t\t\t\t\t\t <a href=\"#\" class=\"ausstattung-hide\">Ausstattung ausblenden<\/a>\n\t\t\t\t\t\t <\/div>\n\t\t\t\t\t\t \t\t\t\t\t\n\t\t\t\t <\/div>\n\t\t\t\t \n\t\t\t\t <div class=\"room-slide-left-content\">\n\t\t\t\t\t <div class=\"room-slide-left-content-inner\">\n\t\t\t\t\t\t \t\t\t\t\t\t <div class=\"content-description\">\n\t\t\t\t\t\t <p>Modern and uncomplicated! This is your home away from home with hotel service for a longer stay in Kloten or Zurich. The fully furnished studios offer maximum comfort in a small space, but with everything you need for a pleasant life.<\/p>\n\t\t\t\t\t\t <\/div>\n\t\t\t\t\t\t \t\t\t\t\t\t \n\t\t\t\t\t\t \t\t\t\t\t\t <a class=\"button os-defaultbutton\" href=\"https:\/\/book-qres.qr-hotels.com\/?Hotel=48347&#038;Chain=19763&#038;locale=en-US&#038;room=EZK\" target=\"_blank\">Check availability now<\/a>\n\t\t\t\t\t\t \t\t\t\t\t <\/div>\n\t\t\t\t <\/div>\n\t\t\t <\/div>\n\t\t\t \n\t\t\t \n\t\t\t \t\t\t\t <div class=\"room-ausstattung-container\">\n\t\t\t\t\t <div class=\"room-ausstattung-container-inner\">\n\t\t\t\t\t\t <p>\u2022 Floor space: 20 m\u00b2<br \/>\n\u2022 Box spring bed: 120 x 210 cm<br \/>\n\u2022 Free WLAN<br \/>\n\u2022 Minimum stay: 30 days<\/p>\n\t\t\t\t\t <\/div>\n\t\t\t\t <\/div>\n\t\t\t \t\t\t \n\t\t <\/div>\n\t\n\t\t\t\n\t\t\t\t\n\t\t\n\t\t\t\t\n\t\t\n\t<\/div>\n\t<\/div>\n\t\n\t<div class=\"rooms-navigation\">\n\t\t<div class=\"swiper-button-next rooms-slider-next\"><\/div>\n\t\t<div class=\"swiper-button-prev rooms-slider-prev\"><\/div>\n\t<\/div>\n\n<\/div>\n\n<div class=\"os-section-container os-section-container-boxslider\">\n\t\n\t\n\t<div class=\"overflower\">\n\t\t<div class=\"main\">\n\t\t\t<div class=\"more-slider-content\">\n\t\t\t\t\n\t\t\t\t<div class=\"box\">\n\t\t\t\t\t\t\t\t<\/div>\n\t\t\t\t\n\t\t\t\t<div class=\"box\">\n\t\t\t\t\t<div class=\"swiper-button-next os-boxslider-controller-next\"><\/div>\n\t\t\t\t\t<div class=\"swiper-button-prev os-boxslider-controller-prev\"><\/div>\n\t\t\t\t<\/div>\n\t\t\t<\/div>\n\t\t\t<div class=\"more-slider\">\n\t\t\t\t<div class=\"swiper-container boxSwiper\">\n\t\t\t\t  \t<div class=\"swiper-wrapper\">\n\t\t\t\t\t\t\t\t\t\t\t<\/div>\n\t\t\t\t<\/div>\n\t\t\t<\/div>\n\t\t<\/div>\n\t<\/div>\n\n<\/div>\n","protected":false},"excerpt":{"rendered":"","protected":false},"author":16,"featured_media":6221,"parent":0,"menu_order":0,"comment_status":"closed","ping_status":"closed","template":"","meta":{"_acf_changed":false,"footnotes":""},"class_list":["post-6507","page","type-page","status-publish","has-post-thumbnail","hentry"],"acf":[],"yoast_head":"<!-- This site is optimized with the Yoast SEO plugin v27.2 - https:\/\/yoast.com\/product\/yoast-seo-wordpress\/ -->\n<title>Allegra Studios in Kloten | achesa homes | Zurich Airport<\/title>\n<meta name=\"description\" content=\"Discover the Allegra Studios at the Hotel Allegra Lodge in Kloten. A compact temporary home with kitchenette and modern comfort. \u27a4Book now.\" \/>\n<meta name=\"robots\" content=\"index, follow, max-snippet:-1, max-image-preview:large, max-video-preview:-1\" \/>\n<link rel=\"canonical\" href=\"https:\/\/achesahomes.ch\/en\/allegra-studios-kloten\/\" \/>\n<meta property=\"og:locale\" content=\"en_US\" \/>\n<meta property=\"og:type\" content=\"article\" \/>\n<meta property=\"og:title\" content=\"Serviced Apartments am Flughafen Z\u00fcrich | achesa homes\" \/>\n<meta property=\"og:description\" content=\"Die Serviced Apartments bieten dir die Individualit\u00e4t &amp; Unabh\u00e4ngigkeit einer Wohnung mit dem Service &amp; Komfort eines Hotels. \u27a4Jetzt buchen\" \/>\n<meta property=\"og:url\" content=\"https:\/\/achesahomes.ch\/en\/allegra-studios-kloten\/\" \/>\n<meta property=\"og:site_name\" content=\"Achesa Homes\" \/>\n<meta property=\"article:modified_time\" content=\"2025-02-24T11:37:34+00:00\" \/>\n<meta property=\"og:image\" content=\"https:\/\/achesahomes.ch\/wp-content\/uploads\/sites\/4\/2023\/07\/achesa_glattbrugg_classic-2.jpg\" \/>\n\t<meta property=\"og:image:width\" content=\"1200\" \/>\n\t<meta property=\"og:image:height\" content=\"800\" \/>\n\t<meta property=\"og:image:type\" content=\"image\/jpeg\" \/>\n<meta name=\"twitter:card\" content=\"summary_large_image\" \/>\n<meta name=\"twitter:title\" content=\"Serviced Apartments am Flughafen Z\u00fcrich | achesa homes\" \/>\n<meta name=\"twitter:description\" content=\"Die Serviced Apartments bieten dir die Individualit\u00e4t &amp; Unabh\u00e4ngigkeit einer Wohnung mit dem Service &amp; Komfort eines Hotels. \u27a4Jetzt buchen\" \/>\n<meta name=\"twitter:image\" content=\"https:\/\/achesahomes.ch\/wp-content\/uploads\/sites\/4\/2023\/07\/achesa_glattbrugg_classic-2.jpg\" \/>\n<meta name=\"twitter:label1\" content=\"Est. reading time\" \/>\n\t<meta name=\"twitter:data1\" content=\"1 minute\" \/>\n<script type=\"application\/ld+json\" class=\"yoast-schema-graph\">{\"@context\":\"https:\/\/schema.org\",\"@graph\":[{\"@type\":\"WebPage\",\"@id\":\"https:\/\/achesahomes.ch\/en\/allegra-studios-kloten\/\",\"url\":\"https:\/\/achesahomes.ch\/en\/allegra-studios-kloten\/\",\"name\":\"Allegra Studios in Kloten | achesa homes | Zurich Airport\",\"isPartOf\":{\"@id\":\"https:\/\/achesahomes.ch\/#website\"},\"primaryImageOfPage\":{\"@id\":\"https:\/\/achesahomes.ch\/en\/allegra-studios-kloten\/#primaryimage\"},\"image\":{\"@id\":\"https:\/\/achesahomes.ch\/en\/allegra-studios-kloten\/#primaryimage\"},\"thumbnailUrl\":\"https:\/\/achesahomes.ch\/wp-content\/uploads\/sites\/4\/2025\/01\/allegra-studio-1-achesa-homes-kloten-zurich-airport-achesa-group-0125.jpg\",\"datePublished\":\"2025-01-28T07:30:21+00:00\",\"dateModified\":\"2025-02-24T11:37:34+00:00\",\"description\":\"Discover the Allegra Studios at the Hotel Allegra Lodge in Kloten. A compact temporary home with kitchenette and modern comfort. \u27a4Book now.\",\"breadcrumb\":{\"@id\":\"https:\/\/achesahomes.ch\/en\/allegra-studios-kloten\/#breadcrumb\"},\"inLanguage\":\"en-US\",\"potentialAction\":[{\"@type\":\"ReadAction\",\"target\":[\"https:\/\/achesahomes.ch\/en\/allegra-studios-kloten\/\"]}]},{\"@type\":\"ImageObject\",\"inLanguage\":\"en-US\",\"@id\":\"https:\/\/achesahomes.ch\/en\/allegra-studios-kloten\/#primaryimage\",\"url\":\"https:\/\/achesahomes.ch\/wp-content\/uploads\/sites\/4\/2025\/01\/allegra-studio-1-achesa-homes-kloten-zurich-airport-achesa-group-0125.jpg\",\"contentUrl\":\"https:\/\/achesahomes.ch\/wp-content\/uploads\/sites\/4\/2025\/01\/allegra-studio-1-achesa-homes-kloten-zurich-airport-achesa-group-0125.jpg\",\"width\":1200,\"height\":800,\"caption\":\"Allegra Studio, achesa homes, Zurich Airport, achesa Group\"},{\"@type\":\"BreadcrumbList\",\"@id\":\"https:\/\/achesahomes.ch\/en\/allegra-studios-kloten\/#breadcrumb\",\"itemListElement\":[{\"@type\":\"ListItem\",\"position\":1,\"name\":\"Startseite\",\"item\":\"https:\/\/achesahomes.ch\/en\/\"},{\"@type\":\"ListItem\",\"position\":2,\"name\":\"Allegra Studios Kloten\"}]},{\"@type\":\"WebSite\",\"@id\":\"https:\/\/achesahomes.ch\/#website\",\"url\":\"https:\/\/achesahomes.ch\/\",\"name\":\"Achesa Homes Glattbrugg\",\"description\":\"Moderne Hotel Apartments und m\u00f6blierte Business Apartments\",\"publisher\":{\"@id\":\"https:\/\/achesahomes.ch\/#organization\"},\"potentialAction\":[{\"@type\":\"SearchAction\",\"target\":{\"@type\":\"EntryPoint\",\"urlTemplate\":\"https:\/\/achesahomes.ch\/?s={search_term_string}\"},\"query-input\":{\"@type\":\"PropertyValueSpecification\",\"valueRequired\":true,\"valueName\":\"search_term_string\"}}],\"inLanguage\":\"en-US\"},{\"@type\":\"Organization\",\"@id\":\"https:\/\/achesahomes.ch\/#organization\",\"name\":\"Achesa Homes Glattbrugg\",\"url\":\"https:\/\/achesahomes.ch\/\",\"logo\":{\"@type\":\"ImageObject\",\"inLanguage\":\"en-US\",\"@id\":\"https:\/\/achesahomes.ch\/#\/schema\/logo\/image\/\",\"url\":\"https:\/\/achesahomes.ch\/wp-content\/uploads\/sites\/4\/2023\/07\/achesa__homes_bildmarke_icon.svg\",\"contentUrl\":\"https:\/\/achesahomes.ch\/wp-content\/uploads\/sites\/4\/2023\/07\/achesa__homes_bildmarke_icon.svg\",\"width\":1,\"height\":1,\"caption\":\"Achesa Homes Glattbrugg\"},\"image\":{\"@id\":\"https:\/\/achesahomes.ch\/#\/schema\/logo\/image\/\"}}]}<\/script>\n<!-- \/ Yoast SEO plugin. -->","yoast_head_json":{"title":"Allegra Studios in Kloten | achesa homes | Zurich Airport","description":"Discover the Allegra Studios at the Hotel Allegra Lodge in Kloten. A compact temporary home with kitchenette and modern comfort. \u27a4Book now.","robots":{"index":"index","follow":"follow","max-snippet":"max-snippet:-1","max-image-preview":"max-image-preview:large","max-video-preview":"max-video-preview:-1"},"canonical":"https:\/\/achesahomes.ch\/en\/allegra-studios-kloten\/","og_locale":"en_US","og_type":"article","og_title":"Serviced Apartments am Flughafen Z\u00fcrich | achesa homes","og_description":"Die Serviced Apartments bieten dir die Individualit\u00e4t & Unabh\u00e4ngigkeit einer Wohnung mit dem Service & Komfort eines Hotels. \u27a4Jetzt buchen","og_url":"https:\/\/achesahomes.ch\/en\/allegra-studios-kloten\/","og_site_name":"Achesa Homes","article_modified_time":"2025-02-24T11:37:34+00:00","og_image":[{"width":1200,"height":800,"url":"https:\/\/achesahomes.ch\/wp-content\/uploads\/sites\/4\/2023\/07\/achesa_glattbrugg_classic-2.jpg","type":"image\/jpeg"}],"twitter_card":"summary_large_image","twitter_title":"Serviced Apartments am Flughafen Z\u00fcrich | achesa homes","twitter_description":"Die Serviced Apartments bieten dir die Individualit\u00e4t & Unabh\u00e4ngigkeit einer Wohnung mit dem Service & Komfort eines Hotels. \u27a4Jetzt buchen","twitter_image":"https:\/\/achesahomes.ch\/wp-content\/uploads\/sites\/4\/2023\/07\/achesa_glattbrugg_classic-2.jpg","twitter_misc":{"Est. reading time":"1 minute"},"schema":{"@context":"https:\/\/schema.org","@graph":[{"@type":"WebPage","@id":"https:\/\/achesahomes.ch\/en\/allegra-studios-kloten\/","url":"https:\/\/achesahomes.ch\/en\/allegra-studios-kloten\/","name":"Allegra Studios in Kloten | achesa homes | Zurich Airport","isPartOf":{"@id":"https:\/\/achesahomes.ch\/#website"},"primaryImageOfPage":{"@id":"https:\/\/achesahomes.ch\/en\/allegra-studios-kloten\/#primaryimage"},"image":{"@id":"https:\/\/achesahomes.ch\/en\/allegra-studios-kloten\/#primaryimage"},"thumbnailUrl":"https:\/\/achesahomes.ch\/wp-content\/uploads\/sites\/4\/2025\/01\/allegra-studio-1-achesa-homes-kloten-zurich-airport-achesa-group-0125.jpg","datePublished":"2025-01-28T07:30:21+00:00","dateModified":"2025-02-24T11:37:34+00:00","description":"Discover the Allegra Studios at the Hotel Allegra Lodge in Kloten. A compact temporary home with kitchenette and modern comfort. \u27a4Book now.","breadcrumb":{"@id":"https:\/\/achesahomes.ch\/en\/allegra-studios-kloten\/#breadcrumb"},"inLanguage":"en-US","potentialAction":[{"@type":"ReadAction","target":["https:\/\/achesahomes.ch\/en\/allegra-studios-kloten\/"]}]},{"@type":"ImageObject","inLanguage":"en-US","@id":"https:\/\/achesahomes.ch\/en\/allegra-studios-kloten\/#primaryimage","url":"https:\/\/achesahomes.ch\/wp-content\/uploads\/sites\/4\/2025\/01\/allegra-studio-1-achesa-homes-kloten-zurich-airport-achesa-group-0125.jpg","contentUrl":"https:\/\/achesahomes.ch\/wp-content\/uploads\/sites\/4\/2025\/01\/allegra-studio-1-achesa-homes-kloten-zurich-airport-achesa-group-0125.jpg","width":1200,"height":800,"caption":"Allegra Studio, achesa homes, Zurich Airport, achesa Group"},{"@type":"BreadcrumbList","@id":"https:\/\/achesahomes.ch\/en\/allegra-studios-kloten\/#breadcrumb","itemListElement":[{"@type":"ListItem","position":1,"name":"Startseite","item":"https:\/\/achesahomes.ch\/en\/"},{"@type":"ListItem","position":2,"name":"Allegra Studios Kloten"}]},{"@type":"WebSite","@id":"https:\/\/achesahomes.ch\/#website","url":"https:\/\/achesahomes.ch\/","name":"Achesa Homes Glattbrugg","description":"Moderne Hotel Apartments und m\u00f6blierte Business Apartments","publisher":{"@id":"https:\/\/achesahomes.ch\/#organization"},"potentialAction":[{"@type":"SearchAction","target":{"@type":"EntryPoint","urlTemplate":"https:\/\/achesahomes.ch\/?s={search_term_string}"},"query-input":{"@type":"PropertyValueSpecification","valueRequired":true,"valueName":"search_term_string"}}],"inLanguage":"en-US"},{"@type":"Organization","@id":"https:\/\/achesahomes.ch\/#organization","name":"Achesa Homes Glattbrugg","url":"https:\/\/achesahomes.ch\/","logo":{"@type":"ImageObject","inLanguage":"en-US","@id":"https:\/\/achesahomes.ch\/#\/schema\/logo\/image\/","url":"https:\/\/achesahomes.ch\/wp-content\/uploads\/sites\/4\/2023\/07\/achesa__homes_bildmarke_icon.svg","contentUrl":"https:\/\/achesahomes.ch\/wp-content\/uploads\/sites\/4\/2023\/07\/achesa__homes_bildmarke_icon.svg","width":1,"height":1,"caption":"Achesa Homes Glattbrugg"},"image":{"@id":"https:\/\/achesahomes.ch\/#\/schema\/logo\/image\/"}}]}},"_links":{"self":[{"href":"https:\/\/achesahomes.ch\/en\/wp-json\/wp\/v2\/pages\/6507","targetHints":{"allow":["GET"]}}],"collection":[{"href":"https:\/\/achesahomes.ch\/en\/wp-json\/wp\/v2\/pages"}],"about":[{"href":"https:\/\/achesahomes.ch\/en\/wp-json\/wp\/v2\/types\/page"}],"author":[{"embeddable":true,"href":"https:\/\/achesahomes.ch\/en\/wp-json\/wp\/v2\/users\/16"}],"replies":[{"embeddable":true,"href":"https:\/\/achesahomes.ch\/en\/wp-json\/wp\/v2\/comments?post=6507"}],"version-history":[{"count":10,"href":"https:\/\/achesahomes.ch\/en\/wp-json\/wp\/v2\/pages\/6507\/revisions"}],"predecessor-version":[{"id":6769,"href":"https:\/\/achesahomes.ch\/en\/wp-json\/wp\/v2\/pages\/6507\/revisions\/6769"}],"wp:featuredmedia":[{"embeddable":true,"href":"https:\/\/achesahomes.ch\/en\/wp-json\/wp\/v2\/media\/6221"}],"wp:attachment":[{"href":"https:\/\/achesahomes.ch\/en\/wp-json\/wp\/v2\/media?parent=6507"}],"curies":[{"name":"wp","href":"https:\/\/api.w.org\/{rel}","templated":true}]}}